{"id":10301,"date":"2025-11-29T19:08:36","date_gmt":"2025-11-29T19:08:36","guid":{"rendered":"https:\/\/lightyellow-lyrebird-671842.hostingersite.com\/?page_id=10301"},"modified":"2025-12-05T11:34:07","modified_gmt":"2025-12-05T11:34:07","slug":"routes-and-schedules","status":"publish","type":"page","link":"https:\/\/www.sotrasanvicente.com\/en\/routes-and-schedules\/","title":{"rendered":"Routes and Schedules"},"content":{"rendered":"\t\t<div data-elementor-type=\"wp-page\" data-elementor-id=\"10301\" class=\"elementor elementor-10301\" data-elementor-post-type=\"page\">\n\t\t\t\t\t\t<section class=\"elementor-section elementor-top-section elementor-element elementor-element-0274a5d elementor-section-content-middle elementor-section-boxed elementor-section-height-default elementor-section-height-default\" data-id=\"0274a5d\" data-element_type=\"section\">\n\t\t\t\t\t\t<div class=\"elementor-container elementor-column-gap-default\">\n\t\t\t\t\t<div class=\"elementor-column elementor-col-100 elementor-top-column elementor-element elementor-element-f1d1a8e\" data-id=\"f1d1a8e\" data-element_type=\"column\">\n\t\t\t<div class=\"elementor-widget-wrap elementor-element-populated\">\n\t\t\t\t\t\t<div class=\"elementor-element elementor-element-8561e2e elementor-widget elementor-widget-react-heading\" data-id=\"8561e2e\" data-element_type=\"widget\" data-widget_type=\"react-heading.default\">\n\t\t\t\t<div class=\"elementor-widget-container\">\n\t\t\t\t\t\t  \r\n        <div class=\"react-heading default\">\r\n        \t<div class=\"title-inner no\">        \t\t      \t\t\r\n\t            <span class=\"sub-text \">PLAN YOUR TRIP TODAY<\/span><h2 class=\"title \">Reliable Routes &amp; Updated Schedules<\/h2>\t        <\/div>\r\n\t\t\t<span class=\"watermark\">Trip<\/span>\t                    \t<div  class=\"description\">\r\n            \t\t<p>Explore our main destinations across Eastern Antioquia. Enjoy safe, consistent, and comfortable transportation to Guatap\u00e9, El Pe\u00f1ol, La Piedra, San Rafael, San Vicente, Concepci\u00f3n, and Alejandr\u00eda.<\/p>            \t\t\r\n            \t<\/div>\r\n        \t\r\n\t            \r\n        <\/div>\r\n        \t\t\t\t<\/div>\n\t\t\t\t<\/div>\n\t\t\t\t<div class=\"elementor-element elementor-element-39ca092 elementor-icon-list--layout-inline feature-one-wrapper elementor-align-center elementor-list-item-link-full_width elementor-widget elementor-widget-icon-list\" data-id=\"39ca092\" data-element_type=\"widget\" data-widget_type=\"icon-list.default\">\n\t\t\t\t\t\t\t<ul class=\"elementor-icon-list-items elementor-inline-items\">\n\t\t\t\t\t\t\t<li class=\"elementor-icon-list-item elementor-inline-item\">\n\t\t\t\t\t\t\t\t\t\t\t<span class=\"elementor-icon-list-icon\">\n\t\t\t\t\t\t\t<svg aria-hidden=\"true\" class=\"e-font-icon-svg e-fas-check-circle\" viewBox=\"0 0 512 512\" xmlns=\"http:\/\/www.w3.org\/2000\/svg\"><path d=\"M504 256c0 136.967-111.033 248-248 248S8 392.967 8 256 119.033 8 256 8s248 111.033 248 248zM227.314 387.314l184-184c6.248-6.248 6.248-16.379 0-22.627l-22.627-22.627c-6.248-6.249-16.379-6.249-22.628 0L216 308.118l-70.059-70.059c-6.248-6.248-16.379-6.248-22.628 0l-22.627 22.627c-6.248 6.248-6.248 16.379 0 22.627l104 104c6.249 6.249 16.379 6.249 22.628.001z\"><\/path><\/svg>\t\t\t\t\t\t<\/span>\n\t\t\t\t\t\t\t\t\t\t<span class=\"elementor-icon-list-text\">Fast &amp; Frequent Departures<\/span>\n\t\t\t\t\t\t\t\t\t<\/li>\n\t\t\t\t\t\t\t\t<li class=\"elementor-icon-list-item elementor-inline-item\">\n\t\t\t\t\t\t\t\t\t\t\t<span class=\"elementor-icon-list-icon\">\n\t\t\t\t\t\t\t<svg aria-hidden=\"true\" class=\"e-font-icon-svg e-fas-check-circle\" viewBox=\"0 0 512 512\" xmlns=\"http:\/\/www.w3.org\/2000\/svg\"><path d=\"M504 256c0 136.967-111.033 248-248 248S8 392.967 8 256 119.033 8 256 8s248 111.033 248 248zM227.314 387.314l184-184c6.248-6.248 6.248-16.379 0-22.627l-22.627-22.627c-6.248-6.249-16.379-6.249-22.628 0L216 308.118l-70.059-70.059c-6.248-6.248-16.379-6.248-22.628 0l-22.627 22.627c-6.248 6.248-6.248 16.379 0 22.627l104 104c6.249 6.249 16.379 6.249 22.628.001z\"><\/path><\/svg>\t\t\t\t\t\t<\/span>\n\t\t\t\t\t\t\t\t\t\t<span class=\"elementor-icon-list-text\">Real-Time Schedule Updates<\/span>\n\t\t\t\t\t\t\t\t\t<\/li>\n\t\t\t\t\t\t\t\t<li class=\"elementor-icon-list-item elementor-inline-item\">\n\t\t\t\t\t\t\t\t\t\t\t<span class=\"elementor-icon-list-icon\">\n\t\t\t\t\t\t\t<svg aria-hidden=\"true\" class=\"e-font-icon-svg e-fas-check-circle\" viewBox=\"0 0 512 512\" xmlns=\"http:\/\/www.w3.org\/2000\/svg\"><path d=\"M504 256c0 136.967-111.033 248-248 248S8 392.967 8 256 119.033 8 256 8s248 111.033 248 248zM227.314 387.314l184-184c6.248-6.248 6.248-16.379 0-22.627l-22.627-22.627c-6.248-6.249-16.379-6.249-22.628 0L216 308.118l-70.059-70.059c-6.248-6.248-16.379-6.248-22.628 0l-22.627 22.627c-6.248 6.248-6.248 16.379 0 22.627l104 104c6.249 6.249 16.379 6.249 22.628.001z\"><\/path><\/svg>\t\t\t\t\t\t<\/span>\n\t\t\t\t\t\t\t\t\t\t<span class=\"elementor-icon-list-text\">Safe, Clean &amp; Certified Transport<\/span>\n\t\t\t\t\t\t\t\t\t<\/li>\n\t\t\t\t\t\t<\/ul>\n\t\t\t\t\t\t<\/div>\n\t\t\t\t\t<\/div>\n\t\t<\/div>\n\t\t\t\t\t<\/div>\n\t\t<\/section>\n\t\t<div class=\"elementor-element elementor-element-14ffbfa e-con-full e-flex e-con e-parent\" data-id=\"14ffbfa\" data-element_type=\"container\">\n\t\t\t\t<div class=\"elementor-element elementor-element-3ff9717 elementor-widget elementor-widget-image\" data-id=\"3ff9717\" data-element_type=\"widget\" data-widget_type=\"image.default\">\n\t\t\t\t\t\t\t\t\t\t\t\t\t\t\t<img fetchpriority=\"high\" decoding=\"async\" width=\"2560\" height=\"850\" src=\"https:\/\/www.sotrasanvicente.com\/en\/wp-content\/uploads\/2025\/11\/church-of-nuestra-senora-del-carmen-in-guatape-co-2025-02-21-15-55-41-utc-scaled-e1764445745891.jpg\" class=\"attachment-full size-full wp-image-10318\" alt=\"\" srcset=\"https:\/\/www.sotrasanvicente.com\/en\/wp-content\/uploads\/2025\/11\/church-of-nuestra-senora-del-carmen-in-guatape-co-2025-02-21-15-55-41-utc-scaled-e1764445745891.jpg 2560w, https:\/\/www.sotrasanvicente.com\/en\/wp-content\/uploads\/2025\/11\/church-of-nuestra-senora-del-carmen-in-guatape-co-2025-02-21-15-55-41-utc-scaled-e1764445745891-300x100.jpg 300w, https:\/\/www.sotrasanvicente.com\/en\/wp-content\/uploads\/2025\/11\/church-of-nuestra-senora-del-carmen-in-guatape-co-2025-02-21-15-55-41-utc-scaled-e1764445745891-1024x340.jpg 1024w, https:\/\/www.sotrasanvicente.com\/en\/wp-content\/uploads\/2025\/11\/church-of-nuestra-senora-del-carmen-in-guatape-co-2025-02-21-15-55-41-utc-scaled-e1764445745891-768x255.jpg 768w, https:\/\/www.sotrasanvicente.com\/en\/wp-content\/uploads\/2025\/11\/church-of-nuestra-senora-del-carmen-in-guatape-co-2025-02-21-15-55-41-utc-scaled-e1764445745891-1536x510.jpg 1536w, https:\/\/www.sotrasanvicente.com\/en\/wp-content\/uploads\/2025\/11\/church-of-nuestra-senora-del-carmen-in-guatape-co-2025-02-21-15-55-41-utc-scaled-e1764445745891-2048x680.jpg 2048w\" sizes=\"(max-width: 2560px) 100vw, 2560px\" \/>\t\t\t\t\t\t\t\t\t\t\t\t\t\t\t<\/div>\n\t\t\t\t<\/div>\n\t\t\t\t<section class=\"elementor-section elementor-top-section elementor-element elementor-element-9e7a54a elementor-section-stretched elementor-section-boxed elementor-section-height-default elementor-section-height-default\" data-id=\"9e7a54a\" data-element_type=\"section\" data-settings=\"{&quot;stretch_section&quot;:&quot;section-stretched&quot;}\">\n\t\t\t\t\t\t<div class=\"elementor-container elementor-column-gap-default\">\n\t\t\t\t\t<div class=\"elementor-column elementor-col-100 elementor-top-column elementor-element elementor-element-fd014c5\" data-id=\"fd014c5\" data-element_type=\"column\" data-settings=\"{&quot;background_background&quot;:&quot;classic&quot;}\">\n\t\t\t<div class=\"elementor-widget-wrap elementor-element-populated\">\n\t\t\t\t\t\t<section class=\"elementor-section elementor-inner-section elementor-element elementor-element-d8923f7 elementor-section-boxed elementor-section-height-default elementor-section-height-default\" data-id=\"d8923f7\" data-element_type=\"section\">\n\t\t\t\t\t\t<div class=\"elementor-container elementor-column-gap-no\">\n\t\t\t\t\t<div class=\"elementor-column elementor-col-33 elementor-inner-column elementor-element elementor-element-20d0480\" data-id=\"20d0480\" data-element_type=\"column\">\n\t\t\t<div class=\"elementor-widget-wrap elementor-element-populated\">\n\t\t\t\t\t\t<div class=\"elementor-element elementor-element-b23fa89 elementor-widget elementor-widget-rt-service-grid\" data-id=\"b23fa89\" data-element_type=\"widget\" data-widget_type=\"rt-service-grid.default\">\n\t\t\t\t<div class=\"elementor-widget-container\">\n\t\t\t\t\t<div class=\"react-addon-services \r\nservices-style2 gray_no\">\r\n    <div class=\"services-part\">    \r\n\t\t\t    \t\t<div class=\"services-icon\">\r\n\t\t    \t\t\t\t    \t\t\t\t\t    \t\t\t\t    \t\t\t    \t\t<\/div>\t\r\n\t    \t\t\t\t    \t\t       \r\n\t    <div class=\"services-text\">\r\n\t    \t\r\n\t    \t\t\t    \t<div class=\"services-title\">\t\t    \t\t\r\n\t\t    \t\t\r\n\t\t    \t\t\t\t    \t\t\t<h4 class=\"title\">\t Guatap\u00e9<\/h4>\r\n\t\t    \t\t\t\t\t\t    \t\t\r\n\t\t    \t<\/div>\r\n\t    \t\t\r\n\r\n\t    \t\t    \t\t<p class=\"services-txt\">  <p>Iconic tourist destination in Eastern Antioquia, surrounded by the Guatap\u00e9\u2013La Piedra reservoir and located 74 km from Medell\u00edn.<\/p><\/p>\t\r\n\t    \t\t\r\n\r\n\t   \r\n    \t\r\n\t    \t<div class=\"services-btn-part\">\r\n\t    \t\t\t    \t\t\r\n    \t\t\t<a class=\"services-btn icon-before\" href=\"https:\/\/www.sotrasanvicente.com\/en\/guatape\/\" >\r\n\r\n    \t\t\t\t<span class=\"btn_text\">\r\n    \t\t\t\t\tFares &amp; Schedules    \t\t\t\t\t\t\r\n    \t\t\t\t<\/span>\r\n\t\t\t\t\t\t\t\t\t\t\t<i aria-hidden=\"true\" class=\"fas fa-arrow-right\"><\/i>\t\t\t\t\t\t\t    \t\t\t<\/a>\t    \t\t    \t\t\r\n\t    \t\t\r\n\t    \t<\/div>\r\n    \t\t \t\r\n\r\n\t    <\/div>\r\n\t<\/div>\r\n<\/div>\t\t\t\t<\/div>\n\t\t\t\t<\/div>\n\t\t\t\t\t<\/div>\n\t\t<\/div>\n\t\t\t\t<div class=\"elementor-column elementor-col-33 elementor-inner-column elementor-element elementor-element-5303e78\" data-id=\"5303e78\" data-element_type=\"column\">\n\t\t\t<div class=\"elementor-widget-wrap elementor-element-populated\">\n\t\t\t\t\t\t<div class=\"elementor-element elementor-element-2b52499 elementor-widget elementor-widget-rt-service-grid\" data-id=\"2b52499\" data-element_type=\"widget\" data-widget_type=\"rt-service-grid.default\">\n\t\t\t\t<div class=\"elementor-widget-container\">\n\t\t\t\t\t<div class=\"react-addon-services \r\nservices-style2 gray_no\">\r\n    <div class=\"services-part\">    \r\n\t\t\t    \t\t<div class=\"services-icon\">\r\n\t\t    \t\t\t\t    \t\t\t\t\t    \t\t\t\t    \t\t\t    \t\t<\/div>\t\r\n\t    \t\t\t\t    \t\t       \r\n\t    <div class=\"services-text\">\r\n\t    \t\r\n\t    \t\t\t    \t<div class=\"services-title\">\t\t    \t\t\r\n\t\t    \t\t\r\n\t\t    \t\t\t\t    \t\t\t<h4 class=\"title\">\t San Vicente<\/h4>\r\n\t\t    \t\t\t\t\t\t    \t\t\r\n\t\t    \t<\/div>\r\n\t    \t\t\r\n\r\n\t    \t\t    \t\t<p class=\"services-txt\">  <p>A peaceful town with natural landscapes and ideal weather for relaxation. Offers waterfalls, hiking trails, and camping areas.<\/p><\/p>\t\r\n\t    \t\t\r\n\r\n\t   \r\n    \t\r\n\t    \t<div class=\"services-btn-part\">\r\n\t    \t\t\t    \t\t\r\n    \t\t\t<a class=\"services-btn icon-before\" href=\"https:\/\/www.sotrasanvicente.com\/en\/san-vicente\/\" >\r\n\r\n    \t\t\t\t<span class=\"btn_text\">\r\n    \t\t\t\t\tFares &amp; Schedules    \t\t\t\t\t\t\r\n    \t\t\t\t<\/span>\r\n\t\t\t\t\t\t\t\t\t\t\t<i aria-hidden=\"true\" class=\"fas fa-arrow-right\"><\/i>\t\t\t\t\t\t\t    \t\t\t<\/a>\t    \t\t    \t\t\r\n\t    \t\t\r\n\t    \t<\/div>\r\n    \t\t \t\r\n\r\n\t    <\/div>\r\n\t<\/div>\r\n<\/div>\t\t\t\t<\/div>\n\t\t\t\t<\/div>\n\t\t\t\t\t<\/div>\n\t\t<\/div>\n\t\t\t\t<div class=\"elementor-column elementor-col-33 elementor-inner-column elementor-element elementor-element-7f40ee0\" data-id=\"7f40ee0\" data-element_type=\"column\">\n\t\t\t<div class=\"elementor-widget-wrap elementor-element-populated\">\n\t\t\t\t\t\t<div class=\"elementor-element elementor-element-e6d4796 elementor-widget elementor-widget-rt-service-grid\" data-id=\"e6d4796\" data-element_type=\"widget\" data-widget_type=\"rt-service-grid.default\">\n\t\t\t\t<div class=\"elementor-widget-container\">\n\t\t\t\t\t<div class=\"react-addon-services \r\nservices-style2 gray_no\">\r\n    <div class=\"services-part\">    \r\n\t\t\t    \t\t<div class=\"services-icon\">\r\n\t\t    \t\t\t\t    \t\t\t\t\t    \t\t\t\t    \t\t\t    \t\t<\/div>\t\r\n\t    \t\t\t\t    \t\t       \r\n\t    <div class=\"services-text\">\r\n\t    \t\r\n\t    \t\t\t    \t<div class=\"services-title\">\t\t    \t\t\r\n\t\t    \t\t\r\n\t\t    \t\t\t\t    \t\t\t<h4 class=\"title\">\t San Rafael<\/h4>\r\n\t\t    \t\t\t\t\t\t    \t\t\r\n\t\t    \t<\/div>\r\n\t    \t\t\r\n\r\n\t    \t\t    \t\t<p class=\"services-txt\">  <p>Warm weather and abundant rivers and swimming spots. Perfect for fishing, camping, and recreational water activities.<\/p><\/p>\t\r\n\t    \t\t\r\n\r\n\t   \r\n    \t\r\n\t    \t<div class=\"services-btn-part\">\r\n\t    \t\t\t    \t\t\r\n    \t\t\t<a class=\"services-btn icon-before\" href=\"https:\/\/www.sotrasanvicente.com\/en\/san-rafael\/\" >\r\n\r\n    \t\t\t\t<span class=\"btn_text\">\r\n    \t\t\t\t\tFares &amp; Schedules    \t\t\t\t\t\t\r\n    \t\t\t\t<\/span>\r\n\t\t\t\t\t\t\t\t\t\t\t<i aria-hidden=\"true\" class=\"fas fa-arrow-right\"><\/i>\t\t\t\t\t\t\t    \t\t\t<\/a>\t    \t\t    \t\t\r\n\t    \t\t\r\n\t    \t<\/div>\r\n    \t\t \t\r\n\r\n\t    <\/div>\r\n\t<\/div>\r\n<\/div>\t\t\t\t<\/div>\n\t\t\t\t<\/div>\n\t\t\t\t\t<\/div>\n\t\t<\/div>\n\t\t\t\t\t<\/div>\n\t\t<\/section>\n\t\t\t\t<section class=\"elementor-section elementor-inner-section elementor-element elementor-element-a460ba7 elementor-section-boxed elementor-section-height-default elementor-section-height-default\" data-id=\"a460ba7\" data-element_type=\"section\">\n\t\t\t\t\t\t<div class=\"elementor-container elementor-column-gap-no\">\n\t\t\t\t\t<div class=\"elementor-column elementor-col-33 elementor-inner-column elementor-element elementor-element-f7373b6\" data-id=\"f7373b6\" data-element_type=\"column\">\n\t\t\t<div class=\"elementor-widget-wrap elementor-element-populated\">\n\t\t\t\t\t\t<div class=\"elementor-element elementor-element-0a8956b elementor-widget elementor-widget-rt-service-grid\" data-id=\"0a8956b\" data-element_type=\"widget\" data-widget_type=\"rt-service-grid.default\">\n\t\t\t\t<div class=\"elementor-widget-container\">\n\t\t\t\t\t<div class=\"react-addon-services \r\nservices-style2 gray_no\">\r\n    <div class=\"services-part\">    \r\n\t\t\t    \t\t<div class=\"services-icon\">\r\n\t\t    \t\t\t\t    \t\t\t\t\t    \t\t\t\t    \t\t\t    \t\t<\/div>\t\r\n\t    \t\t\t\t    \t\t       \r\n\t    <div class=\"services-text\">\r\n\t    \t\r\n\t    \t\t\t    \t<div class=\"services-title\">\t\t    \t\t\r\n\t\t    \t\t\r\n\t\t    \t\t\t\t    \t\t\t<h4 class=\"title\">\t El Pe\u00f1ol<\/h4>\r\n\t\t    \t\t\t\t\t\t    \t\t\r\n\t\t    \t<\/div>\r\n\t    \t\t\r\n\r\n\t    \t\t    \t\t<p class=\"services-txt\">  <p>Known for its history, nature, and the replica of the Old Pe\u00f1ol. Highlights include Piedra del Marial and the R\u00edo Nare reservoir.<\/p><\/p>\t\r\n\t    \t\t\r\n\r\n\t   \r\n    \t\r\n\t    \t<div class=\"services-btn-part\">\r\n\t    \t\t\t    \t\t\r\n    \t\t\t<a class=\"services-btn icon-before\" href=\"https:\/\/www.sotrasanvicente.com\/en\/el-penol\/\" >\r\n\r\n    \t\t\t\t<span class=\"btn_text\">\r\n    \t\t\t\t\tFares &amp; Schedules    \t\t\t\t\t\t\r\n    \t\t\t\t<\/span>\r\n\t\t\t\t\t\t\t\t\t\t\t<i aria-hidden=\"true\" class=\"fas fa-arrow-right\"><\/i>\t\t\t\t\t\t\t    \t\t\t<\/a>\t    \t\t    \t\t\r\n\t    \t\t\r\n\t    \t<\/div>\r\n    \t\t \t\r\n\r\n\t    <\/div>\r\n\t<\/div>\r\n<\/div>\t\t\t\t<\/div>\n\t\t\t\t<\/div>\n\t\t\t\t\t<\/div>\n\t\t<\/div>\n\t\t\t\t<div class=\"elementor-column elementor-col-33 elementor-inner-column elementor-element elementor-element-2f9e5fa\" data-id=\"2f9e5fa\" data-element_type=\"column\">\n\t\t\t<div class=\"elementor-widget-wrap elementor-element-populated\">\n\t\t\t\t\t\t<div class=\"elementor-element elementor-element-ac72871 elementor-widget elementor-widget-rt-service-grid\" data-id=\"ac72871\" data-element_type=\"widget\" data-widget_type=\"rt-service-grid.default\">\n\t\t\t\t<div class=\"elementor-widget-container\">\n\t\t\t\t\t<div class=\"react-addon-services \r\nservices-style2 gray_no\">\r\n    <div class=\"services-part\">    \r\n\t\t\t    \t\t<div class=\"services-icon\">\r\n\t\t    \t\t\t\t    \t\t\t\t\t    \t\t\t\t    \t\t\t    \t\t<\/div>\t\r\n\t    \t\t\t\t    \t\t       \r\n\t    <div class=\"services-text\">\r\n\t    \t\r\n\t    \t\t\t    \t<div class=\"services-title\">\t\t    \t\t\r\n\t\t    \t\t\r\n\t\t    \t\t\t\t    \t\t\t<h4 class=\"title\">\t Alejandr\u00eda<\/h4>\r\n\t\t    \t\t\t\t\t\t    \t\t\r\n\t\t    \t<\/div>\r\n\t    \t\t\r\n\r\n\t    \t\t    \t\t<p class=\"services-txt\">  <p>Located 92 km from Medell\u00edn and surrounded by rivers and nature. Warm climate with attractions like Nudillales.<\/p><\/p>\t\r\n\t    \t\t\r\n\r\n\t   \r\n    \t\r\n\t    \t<div class=\"services-btn-part\">\r\n\t    \t\t\t    \t\t\r\n    \t\t\t<a class=\"services-btn icon-before\" href=\"https:\/\/www.sotrasanvicente.com\/en\/alejandria\/\" >\r\n\r\n    \t\t\t\t<span class=\"btn_text\">\r\n    \t\t\t\t\tFares &amp; Schedules    \t\t\t\t\t\t\r\n    \t\t\t\t<\/span>\r\n\t\t\t\t\t\t\t\t\t\t\t<i aria-hidden=\"true\" class=\"fas fa-arrow-right\"><\/i>\t\t\t\t\t\t\t    \t\t\t<\/a>\t    \t\t    \t\t\r\n\t    \t\t\r\n\t    \t<\/div>\r\n    \t\t \t\r\n\r\n\t    <\/div>\r\n\t<\/div>\r\n<\/div>\t\t\t\t<\/div>\n\t\t\t\t<\/div>\n\t\t\t\t\t<\/div>\n\t\t<\/div>\n\t\t\t\t<div class=\"elementor-column elementor-col-33 elementor-inner-column elementor-element elementor-element-2e5dc35\" data-id=\"2e5dc35\" data-element_type=\"column\">\n\t\t\t<div class=\"elementor-widget-wrap elementor-element-populated\">\n\t\t\t\t\t\t<div class=\"elementor-element elementor-element-f99687d elementor-widget elementor-widget-rt-service-grid\" data-id=\"f99687d\" data-element_type=\"widget\" data-widget_type=\"rt-service-grid.default\">\n\t\t\t\t<div class=\"elementor-widget-container\">\n\t\t\t\t\t<div class=\"react-addon-services \r\nservices-style2 gray_no\">\r\n    <div class=\"services-part\">    \r\n\t\t\t    \t\t<div class=\"services-icon\">\r\n\t\t    \t\t\t\t    \t\t\t\t\t    \t\t\t\t    \t\t\t    \t\t<\/div>\t\r\n\t    \t\t\t\t    \t\t       \r\n\t    <div class=\"services-text\">\r\n\t    \t\r\n\t    \t\t\t    \t<div class=\"services-title\">\t\t    \t\t\r\n\t\t    \t\t\r\n\t\t    \t\t\t\t    \t\t\t<h4 class=\"title\">\t Concepci\u00f3n<\/h4>\r\n\t\t    \t\t\t\t\t\t    \t\t\r\n\t\t    \t<\/div>\r\n\t    \t\t\r\n\r\n\t    \t\t    \t\t<p class=\"services-txt\">  <p>A traditional and tranquil town. Offers waterfalls, natural pools, and sites such as Piedra del Ermita\u00f1o and Charco Azul.<\/p><\/p>\t\r\n\t    \t\t\r\n\r\n\t   \r\n    \t\r\n\t    \t<div class=\"services-btn-part\">\r\n\t    \t\t\t    \t\t\r\n    \t\t\t<a class=\"services-btn icon-before\" href=\"https:\/\/www.sotrasanvicente.com\/en\/concepcion\/\" >\r\n\r\n    \t\t\t\t<span class=\"btn_text\">\r\n    \t\t\t\t\tFares &amp; Schedules    \t\t\t\t\t\t\r\n    \t\t\t\t<\/span>\r\n\t\t\t\t\t\t\t\t\t\t\t<i aria-hidden=\"true\" class=\"fas fa-arrow-right\"><\/i>\t\t\t\t\t\t\t    \t\t\t<\/a>\t    \t\t    \t\t\r\n\t    \t\t\r\n\t    \t<\/div>\r\n    \t\t \t\r\n\r\n\t    <\/div>\r\n\t<\/div>\r\n<\/div>\t\t\t\t<\/div>\n\t\t\t\t<\/div>\n\t\t\t\t\t<\/div>\n\t\t<\/div>\n\t\t\t\t\t<\/div>\n\t\t<\/section>\n\t\t\t\t\t<\/div>\n\t\t<\/div>\n\t\t\t\t\t<\/div>\n\t\t<\/section>\n\t\t\t\t<\/div>\n\t\t","protected":false},"excerpt":{"rendered":"<p>PLAN YOUR TRIP TODAY Reliable Routes &amp; Updated Schedules Trip Explore our main destinations across Eastern Antioquia. Enjoy safe, consistent, and comfortable transportation to Guatap\u00e9, El Pe\u00f1ol, La Piedra, San Rafael, San Vicente, Concepci\u00f3n, and Alejandr\u00eda. Fast &amp; Frequent Departures Real-Time Schedule Updates Safe, Clean &amp; Certified Transport Guatap\u00e9 Iconic tourist destination in Eastern Antioquia,&#8230;<\/p>\n","protected":false},"author":2,"featured_media":0,"parent":0,"menu_order":0,"comment_status":"closed","ping_status":"closed","template":"","meta":{"_monsterinsights_skip_tracking":false,"_monsterinsights_sitenote_active":false,"_monsterinsights_sitenote_note":"","_monsterinsights_sitenote_category":0,"footnotes":""},"class_list":["post-10301","page","type-page","status-publish","hentry"],"aioseo_notices":[],"_links":{"self":[{"href":"https:\/\/www.sotrasanvicente.com\/en\/wp-json\/wp\/v2\/pages\/10301","targetHints":{"allow":["GET"]}}],"collection":[{"href":"https:\/\/www.sotrasanvicente.com\/en\/wp-json\/wp\/v2\/pages"}],"about":[{"href":"https:\/\/www.sotrasanvicente.com\/en\/wp-json\/wp\/v2\/types\/page"}],"author":[{"embeddable":true,"href":"https:\/\/www.sotrasanvicente.com\/en\/wp-json\/wp\/v2\/users\/2"}],"replies":[{"embeddable":true,"href":"https:\/\/www.sotrasanvicente.com\/en\/wp-json\/wp\/v2\/comments?post=10301"}],"version-history":[{"count":115,"href":"https:\/\/www.sotrasanvicente.com\/en\/wp-json\/wp\/v2\/pages\/10301\/revisions"}],"predecessor-version":[{"id":10868,"href":"https:\/\/www.sotrasanvicente.com\/en\/wp-json\/wp\/v2\/pages\/10301\/revisions\/10868"}],"wp:attachment":[{"href":"https:\/\/www.sotrasanvicente.com\/en\/wp-json\/wp\/v2\/media?parent=10301"}],"curies":[{"name":"wp","href":"https:\/\/api.w.org\/{rel}","templated":true}]}}